{"id":4877,"date":"2021-08-09T08:30:36","date_gmt":"2021-08-09T11:30:36","guid":{"rendered":"https:\/\/adaptivecolors.liquid-themes.com\/elementor\/?page_id=4877"},"modified":"2023-02-25T14:24:32","modified_gmt":"2023-02-25T17:24:32","slug":"sobre","status":"publish","type":"page","link":"https:\/\/www.zonzoestudio.com.br\/en\/sobre\/","title":{"rendered":"about"},"content":{"rendered":"<div data-elementor-type=\"wp-page\" data-elementor-id=\"4877\" class=\"elementor elementor-4877\">\n\t\t\t\t<div class=\"elementor-element elementor-element-70085c1 e-con-full e-flex e-con e-parent\" data-id=\"70085c1\" data-element_type=\"container\" data-e-type=\"container\" data-settings=\"{&quot;background_background&quot;:&quot;video&quot;,&quot;background_video_link&quot;:&quot;http:\\\/\\\/www.zonzoestudio.com.br\\\/wp-content\\\/uploads\\\/2023\\\/01\\\/zonzoBGvideoSLOW.mp4&quot;,&quot;background_play_on_mobile&quot;:&quot;yes&quot;}\">\n\t\t<div class=\"elementor-background-video-container\">\n\t\t\t\t\t\t\t<video class=\"elementor-background-video-hosted\" role=\"presentation\" autoplay muted playsinline loop><\/video>\n\t\t\t\t\t<\/div>\t\t<\/div>\n\t\t<div class=\"elementor-element elementor-element-10aecd2 e-con-full e-flex e-con e-parent\" data-id=\"10aecd2\" data-element_type=\"container\" data-e-type=\"container\">\n\t\t<div class=\"elementor-element elementor-element-186338e e-con-full e-flex e-con e-child\" data-id=\"186338e\" data-element_type=\"container\" data-e-type=\"container\">\n\t\t\t\t<div data-custom-animations=\"true\" data-ca-options=\"{&quot;addChildTimelines&quot;:false,&quot;trigger&quot;:&quot;firstChild&quot;,&quot;animationTarget&quot;:&quot;.lqd-split-chars .lqd-chars .split-inner, .lqd-adv-txt-fig&quot;,&quot;delay&quot;:80,&quot;ease&quot;:&quot;bounce.inOut&quot;,&quot;direction&quot;:&quot;random&quot;,&quot;initValues&quot;:{&quot;opacity&quot;:0,&quot;transformOrigin&quot;:&quot;50% 50% 0px&quot;},&quot;animations&quot;:{&quot;opacity&quot;:1,&quot;transformOrigin&quot;:&quot;50% 50% 0px&quot;}}\" class=\"elementor-element elementor-element-c439561 elementor-widget elementor-widget-hub_fancy_heading lqd-el-has-inner-anim\" data-id=\"c439561\" data-element_type=\"widget\" data-e-type=\"widget\" data-settings=\"{&quot;enable_split&quot;:&quot;true&quot;,&quot;split_type&quot;:&quot;chars, words&quot;}\" data-widget_type=\"hub_fancy_heading.default\">\n\t\t\t\t<div class=\"elementor-widget-container\">\n\t\t\t\t\t\n\t\t<div id=\"ld-fancy-heading-6a04822cc5528\" class=\"ld-fancy-heading pos-rel ld-fh-outline ld-fh-outline-static\">\n\t\t\t<h1 class=\"ld-fh-element d-inline-block pos-rel  elementor-heading-title lqd-highlight-classic lqd-highlight-grow-left text-vertical lqd-split-chars h1\"  data-split-text=\"true\" data-split-options='{\"type\":\"chars, words\"}'><span class=\"ld-fh-txt-outline\">about<\/span> about<\/h1>\t\t<\/div>\n\n\t\t\t\t\t\t<\/div>\n\t\t\t\t<\/div>\n\t\t\t\t<\/div>\n\t\t<div class=\"elementor-element elementor-element-baca4f6 e-con-full e-flex e-con e-child\" data-id=\"baca4f6\" data-element_type=\"container\" data-e-type=\"container\">\n\t\t<div class=\"elementor-element elementor-element-f5fa02a e-con-full e-flex e-con e-child\" data-id=\"f5fa02a\" data-element_type=\"container\" data-e-type=\"container\">\n\t\t\t\t<div class=\"elementor-element elementor-element-a373afa elementor-widget__width-initial elementor-widget elementor-widget-hub_fancy_heading\" data-id=\"a373afa\" data-element_type=\"widget\" data-e-type=\"widget\" data-widget_type=\"hub_fancy_heading.default\">\n\t\t\t\t<div class=\"elementor-widget-container\">\n\t\t\t\t\t\n\t\t<div id=\"ld-fancy-heading-6a04822cc6970\" class=\"ld-fancy-heading pos-rel\">\n\t\t\t<h1 class=\"ld-fh-element d-inline-block pos-rel  elementor-heading-title lqd-highlight-classic lqd-highlight-grow-left lqd-highlight-reset-onhover h1\"  data-inview=\"true\" data-transition-delay=\"true\" data-delay-options=\"{&quot;elements&quot;:&quot;.lqd-highlight-inner&quot;,&quot;delayType&quot;:&quot;transition&quot;}\" > Hi, I have news:\nf:g\u00f3es,est\u00fadio is now\n<mark class=\"lqd-highlight\"><span class=\"lqd-highlight-txt\"  >Zonzo Est\u00fadio<\/span><span class=\"lqd-highlight-inner\"><\/span><\/mark><\/h1>\t\t<\/div>\n\n\t\t\t\t\t\t<\/div>\n\t\t\t\t<\/div>\n\t\t\t\t<\/div>\n\t\t<div class=\"elementor-element elementor-element-e180eb5 e-con-full e-flex e-con e-child\" data-id=\"e180eb5\" data-element_type=\"container\" data-e-type=\"container\">\n\t\t\t\t<div class=\"elementor-element elementor-element-5258dcd elementor-widget__width-initial elementor-widget elementor-widget-hub_fancy_heading\" data-id=\"5258dcd\" data-element_type=\"widget\" data-e-type=\"widget\" data-widget_type=\"hub_fancy_heading.default\">\n\t\t\t\t<div class=\"elementor-widget-container\">\n\t\t\t\t\t\n\t\t<div id=\"ld-fancy-heading-6a04822cc7f04\" class=\"ld-fancy-heading pos-rel\">\n\t\t\t<p class=\"ld-fh-element d-inline-block pos-rel  lqd-highlight-classic lqd-highlight-grow-left lqd-highlight-reset-onhover p\"  data-inview=\"true\" data-transition-delay=\"true\" data-delay-options=\"{&quot;elements&quot;:&quot;.lqd-highlight-inner&quot;,&quot;delayType&quot;:&quot;transition&quot;}\" > During 10 years at f:g\u00f3es,studio, we've developed more than 40 projects, including movies, short films, tv shows and soundtracks for brands and channels. Now we are taking it one step further.<br><br>\n\n<mark class=\"lqd-highlight\"><span class=\"lqd-highlight-txt\"  >Zonzo Est\u00fadio is what we became, it's what we are today.<\/span><span class=\"lqd-highlight-inner\"><\/span><\/mark><br>\n<br>\nThe musical needs of each story go far beyond the \u201caesthetic\u201d choice of who will be the composer. You have to understand the whole. Scripts, visions, songs needed in pre-production, extensive soundtracks or composition of key themes to add to the search for the film in the montage, support the technical preparation of film sets for music diaries. Thinking and exchanging with everyone so that we arrive at postgraduate level already understanding the bottlenecks, anticipating problems and acting collaboratively.<br>\n<br>\nAs a team, Let\u00edcia Marques (Executive Producer), Victor Pulcinelli (Producer, Composer and Finisher), Rogerio Sobreira (Producer, Composer and Arranger) and I, linked to a network of several other producers, musicians and artists that we admire, have learned to be plugged into important projects in many ways.<br>\n<br>\nIn this sense, I take great pleasure in opening this new chapter called Zonzo Est\u00fadio. A place where we can contribute creatively in many ways, under the structural and technical tranquility of a team that knows how to plan, lead and deliver.<\/p>\t\t<\/div>\n\n\t\t\t\t\t\t<\/div>\n\t\t\t\t<\/div>\n\t\t\t\t<div class=\"elementor-element elementor-element-f83f64d elementor-widget__width-initial elementor-widget elementor-widget-hub_fancy_heading\" data-id=\"f83f64d\" data-element_type=\"widget\" data-e-type=\"widget\" data-widget_type=\"hub_fancy_heading.default\">\n\t\t\t\t<div class=\"elementor-widget-container\">\n\t\t\t\t\t\n\t\t<div id=\"ld-fancy-heading-6a04822cc938c\" class=\"ld-fancy-heading pos-rel\">\n\t\t\t<span class=\"ld-fh-element d-inline-block pos-rel  lqd-highlight-classic lqd-highlight-grow-left lqd-highlight-reset-onhover span\"  data-inview=\"true\" data-transition-delay=\"true\" data-delay-options=\"{&quot;elements&quot;:&quot;.lqd-highlight-inner&quot;,&quot;delayType&quot;:&quot;transition&quot;}\" > <b><mark class=\"lqd-highlight\"><span class=\"lqd-highlight-txt\"  >Fabio G\u00f3es<\/span><span class=\"lqd-highlight-inner\"><\/span><\/mark><\/b><br>\n<span style=\"font-size: 13px\">Composer, producer.<br>\nFounder and partner of Zonzo Est\u00fadio<\/span><\/span>\t\t<\/div>\n\n\t\t\t\t\t\t<\/div>\n\t\t\t\t<\/div>\n\t\t\t\t<\/div>\n\t\t\t\t<\/div>\n\t\t\t\t<\/div>\n\t\t\t\t<\/div>","protected":false},"excerpt":{"rendered":"<p>sobre sobre Ol\u00e1! Venho contar que: f:g\u00f3es,est\u00fadio agora \u00e9 Zonzo Est\u00fadio Durante 10 anos de f:g\u00f3es,est\u00fadio, desenvolvemos mais de 40 projetos, entre longas-metragens, curtas, s\u00e9ries e trilhas para marcas e canais. Agora estamos dando um passo \u00e0 frente. Zonzo Est\u00fadio \u00e9 o que viramos, \u00e9 o que somos hoje. As necessidades musicais de cada hist\u00f3ria [&hellip;]<\/p>","protected":false},"author":1,"featured_media":0,"parent":0,"menu_order":0,"comment_status":"closed","ping_status":"closed","template":"","meta":{"footnotes":""},"class_list":["post-4877","page","type-page","status-publish","hentry"],"aioseo_notices":[],"_links":{"self":[{"href":"https:\/\/www.zonzoestudio.com.br\/en\/wp-json\/wp\/v2\/pages\/4877","targetHints":{"allow":["GET"]}}],"collection":[{"href":"https:\/\/www.zonzoestudio.com.br\/en\/wp-json\/wp\/v2\/pages"}],"about":[{"href":"https:\/\/www.zonzoestudio.com.br\/en\/wp-json\/wp\/v2\/types\/page"}],"author":[{"embeddable":true,"href":"https:\/\/www.zonzoestudio.com.br\/en\/wp-json\/wp\/v2\/users\/1"}],"replies":[{"embeddable":true,"href":"https:\/\/www.zonzoestudio.com.br\/en\/wp-json\/wp\/v2\/comments?post=4877"}],"version-history":[{"count":136,"href":"https:\/\/www.zonzoestudio.com.br\/en\/wp-json\/wp\/v2\/pages\/4877\/revisions"}],"predecessor-version":[{"id":6896,"href":"https:\/\/www.zonzoestudio.com.br\/en\/wp-json\/wp\/v2\/pages\/4877\/revisions\/6896"}],"wp:attachment":[{"href":"https:\/\/www.zonzoestudio.com.br\/en\/wp-json\/wp\/v2\/media?parent=4877"}],"curies":[{"name":"wp","href":"https:\/\/api.w.org\/{rel}","templated":true}]}}