{"id":5213,"date":"2023-01-31T12:44:40","date_gmt":"2023-01-31T15:44:40","guid":{"rendered":"https:\/\/www.zonzoestudio.com.br\/?page_id=5213"},"modified":"2023-02-09T18:04:03","modified_gmt":"2023-02-09T21:04:03","slug":"em-construcao","status":"publish","type":"page","link":"https:\/\/www.zonzoestudio.com.br\/en\/em-construcao\/","title":{"rendered":"Em constru\u00e7\u00e3o"},"content":{"rendered":"<div data-elementor-type=\"wp-page\" data-elementor-id=\"5213\" class=\"elementor elementor-5213\">\n\t\t\t\t<div class=\"elementor-element elementor-element-45af680 e-con-full e-flex e-con e-parent\" data-id=\"45af680\" data-element_type=\"container\" data-e-type=\"container\" data-settings=\"{&quot;background_background&quot;:&quot;classic&quot;}\">\n\t\t\t\t<div class=\"elementor-element elementor-element-83399de elementor-widget elementor-widget-hub_fancy_heading\" data-id=\"83399de\" data-element_type=\"widget\" data-e-type=\"widget\" data-widget_type=\"hub_fancy_heading.default\">\n\t\t\t\t<div class=\"elementor-widget-container\">\n\t\t\t\t\t\n\t\t<div id=\"ld-fancy-heading-69f472db904df\" class=\"ld-fancy-heading pos-rel\">\n\t\t\t<h1 class=\"ld-fh-element d-inline-block pos-rel  elementor-heading-title lqd-highlight-classic lqd-highlight-grow-left h1\"  > under construction<\/h1>\t\t<\/div>\n\n\t\t\t\t\t\t<\/div>\n\t\t\t\t<\/div>\n\t\t\t\t<div class=\"elementor-element elementor-element-5e09e73 elementor-widget elementor-widget-hub_fancy_heading lqd-el-has-inner-anim\" data-id=\"5e09e73\" data-element_type=\"widget\" data-e-type=\"widget\" data-settings=\"{&quot;enable_split&quot;:&quot;true&quot;,&quot;split_type&quot;:&quot;words&quot;}\" data-widget_type=\"hub_fancy_heading.default\">\n\t\t\t\t<div class=\"elementor-widget-container\">\n\t\t\t\t\t\n\t\t<div id=\"ld-fancy-heading-69f472db91029\" class=\"ld-fancy-heading pos-rel\">\n\t\t\t<p class=\"ld-fh-element d-inline-block pos-rel  lqd-highlight-classic lqd-highlight-grow-left lqd-highlight-reset-onhover lqd-split-words p\"  data-inview=\"true\" data-transition-delay=\"true\" data-delay-options=\"{&quot;elements&quot;:&quot;.lqd-highlight-inner&quot;,&quot;delayType&quot;:&quot;transition&quot;}\"><a href=\"http:\/\/fgoes.com\" target=\"_blank\" data-split-text=\"true\" data-split-options='{\"type\":\"words\"}'> Our website will be available soon.<br>\nIn the meantime, visit the website <a href=\"http:\/\/fgoes.com\" target=\"_blank\"><mark class=\"lqd-highlight\"><span class=\"lqd-highlight-txt\"  >fgoes.com<\/span><span class=\"lqd-highlight-inner\"><\/span><\/mark><\/a> to see some of our projects!<\/a><\/p>\t\t<\/div>\n\n\t\t\t\t\t\t<\/div>\n\t\t\t\t<\/div>\n\t\t\t\t<\/div>\n\t\t\t\t<\/div>","protected":false},"excerpt":{"rendered":"<p>em constru\u00e7\u00e3o Em breve o site do Zonzo Est\u00fadio estar\u00e1 dispon\u00edvel aqui. Enquanto isso, visite o site fgoes.com para ver alguns dos nossos projetos!<\/p>","protected":false},"author":1,"featured_media":0,"parent":0,"menu_order":0,"comment_status":"closed","ping_status":"closed","template":"","meta":{"footnotes":""},"class_list":["post-5213","page","type-page","status-publish","hentry"],"aioseo_notices":[],"_links":{"self":[{"href":"https:\/\/www.zonzoestudio.com.br\/en\/wp-json\/wp\/v2\/pages\/5213","targetHints":{"allow":["GET"]}}],"collection":[{"href":"https:\/\/www.zonzoestudio.com.br\/en\/wp-json\/wp\/v2\/pages"}],"about":[{"href":"https:\/\/www.zonzoestudio.com.br\/en\/wp-json\/wp\/v2\/types\/page"}],"author":[{"embeddable":true,"href":"https:\/\/www.zonzoestudio.com.br\/en\/wp-json\/wp\/v2\/users\/1"}],"replies":[{"embeddable":true,"href":"https:\/\/www.zonzoestudio.com.br\/en\/wp-json\/wp\/v2\/comments?post=5213"}],"version-history":[{"count":70,"href":"https:\/\/www.zonzoestudio.com.br\/en\/wp-json\/wp\/v2\/pages\/5213\/revisions"}],"predecessor-version":[{"id":6508,"href":"https:\/\/www.zonzoestudio.com.br\/en\/wp-json\/wp\/v2\/pages\/5213\/revisions\/6508"}],"wp:attachment":[{"href":"https:\/\/www.zonzoestudio.com.br\/en\/wp-json\/wp\/v2\/media?parent=5213"}],"curies":[{"name":"wp","href":"https:\/\/api.w.org\/{rel}","templated":true}]}}