{"id":6470,"date":"2023-02-09T17:42:26","date_gmt":"2023-02-09T20:42:26","guid":{"rendered":"https:\/\/www.zonzoestudio.com.br\/?page_id=6470"},"modified":"2023-06-24T14:26:40","modified_gmt":"2023-06-24T17:26:40","slug":"contato","status":"publish","type":"page","link":"https:\/\/www.zonzoestudio.com.br\/en\/contato\/","title":{"rendered":"contact"},"content":{"rendered":"<div data-elementor-type=\"wp-page\" data-elementor-id=\"6470\" class=\"elementor elementor-6470\">\n\t\t\t\t<div class=\"elementor-element elementor-element-70085c1 e-con-full e-flex e-con e-parent\" data-id=\"70085c1\" data-element_type=\"container\" data-e-type=\"container\" data-settings=\"{&quot;background_background&quot;:&quot;video&quot;,&quot;background_video_link&quot;:&quot;http:\\\/\\\/www.zonzoestudio.com.br\\\/wp-content\\\/uploads\\\/2023\\\/01\\\/zonzoBGvideoSLOW.mp4&quot;,&quot;background_play_on_mobile&quot;:&quot;yes&quot;}\">\n\t\t<div class=\"elementor-background-video-container\">\n\t\t\t\t\t\t\t<video class=\"elementor-background-video-hosted\" role=\"presentation\" autoplay muted playsinline loop><\/video>\n\t\t\t\t\t<\/div>\t\t<\/div>\n\t\t<div class=\"elementor-element elementor-element-10aecd2 e-con-full e-flex e-con e-parent\" data-id=\"10aecd2\" data-element_type=\"container\" data-e-type=\"container\">\n\t\t<div class=\"elementor-element elementor-element-186338e e-con-full e-flex e-con e-parent\" data-id=\"186338e\" data-element_type=\"container\" data-e-type=\"container\">\n\t\t\t\t<div data-custom-animations=\"true\" data-ca-options=\"{&quot;addChildTimelines&quot;:false,&quot;trigger&quot;:&quot;firstChild&quot;,&quot;animationTarget&quot;:&quot;.lqd-split-chars .lqd-chars .split-inner, .lqd-adv-txt-fig&quot;,&quot;delay&quot;:80,&quot;ease&quot;:&quot;bounce.inOut&quot;,&quot;direction&quot;:&quot;random&quot;,&quot;initValues&quot;:{&quot;opacity&quot;:0,&quot;transformOrigin&quot;:&quot;50% 50% 0px&quot;},&quot;animations&quot;:{&quot;opacity&quot;:1,&quot;transformOrigin&quot;:&quot;50% 50% 0px&quot;}}\" class=\"elementor-element elementor-element-c439561 elementor-widget elementor-widget-hub_fancy_heading lqd-el-has-inner-anim\" data-id=\"c439561\" data-element_type=\"widget\" data-e-type=\"widget\" data-settings=\"{&quot;enable_split&quot;:&quot;true&quot;,&quot;split_type&quot;:&quot;chars, words&quot;}\" data-widget_type=\"hub_fancy_heading.default\">\n\t\t\t\t<div class=\"elementor-widget-container\">\n\t\t\t\t\t\n\t\t<div id=\"ld-fancy-heading-6a04826153162\" class=\"ld-fancy-heading pos-rel ld-fh-outline ld-fh-outline-static\">\n\t\t\t<h1 class=\"ld-fh-element d-inline-block pos-rel  elementor-heading-title lqd-highlight-classic lqd-highlight-grow-left text-vertical lqd-split-chars h1\"  data-split-text=\"true\" data-split-options='{\"type\":\"chars, words\"}'><span class=\"ld-fh-txt-outline\">contact<\/span> contact<\/h1>\t\t<\/div>\n\n\t\t\t\t\t\t<\/div>\n\t\t\t\t<\/div>\n\t\t\t\t<\/div>\n\t\t<div class=\"elementor-element elementor-element-baca4f6 e-con-full e-flex e-con e-parent\" data-id=\"baca4f6\" data-element_type=\"container\" data-e-type=\"container\">\n\t\t<div class=\"elementor-element elementor-element-5aa5d577 e-con-full animated-fast e-flex elementor-invisible e-con e-parent\" data-id=\"5aa5d577\" data-element_type=\"container\" data-e-type=\"container\" data-settings=\"{&quot;animation&quot;:&quot;slideInUp&quot;,&quot;animation_delay&quot;:1}\">\n\t\t\t\t<div class=\"elementor-element elementor-element-6cb58113 elementor-widget__width-initial animated-slow elementor-widget-tablet__width-initial elementor-invisible elementor-widget elementor-widget-hub_fancy_heading\" data-id=\"6cb58113\" data-element_type=\"widget\" data-e-type=\"widget\" data-settings=\"{&quot;_animation&quot;:&quot;slideInUp&quot;,&quot;_animation_delay&quot;:0}\" data-widget_type=\"hub_fancy_heading.default\">\n\t\t\t\t<div class=\"elementor-widget-container\">\n\t\t\t\t\t\n\t\t<div id=\"ld-fancy-heading-6a0482615429d\" class=\"ld-fancy-heading pos-rel\">\n\t\t\t<p class=\"ld-fh-element d-inline-block pos-rel  lqd-highlight-classic lqd-highlight-grow-left lqd-highlight-reset-onhover p\" ><a href=\"mailto:contato@zonzoestudio.com.br\" target=\"_blank\" > <small style=\"font-size: 13px\">e-mail<\/small><br>\ncontato@zonzoestudio.com.br<\/a><\/p>\t\t<\/div>\n\n\t\t\t\t\t\t<\/div>\n\t\t\t\t<\/div>\n\t\t\t\t<\/div>\n\t\t<div class=\"elementor-element elementor-element-594b3167 e-con-full animated-slow e-flex elementor-invisible e-con e-parent\" data-id=\"594b3167\" data-element_type=\"container\" data-e-type=\"container\" data-settings=\"{&quot;animation&quot;:&quot;slideInUp&quot;,&quot;animation_delay&quot;:2}\">\n\t\t\t\t<div class=\"elementor-element elementor-element-6af70430 elementor-widget__width-initial animated-slow elementor-invisible elementor-widget elementor-widget-hub_fancy_heading\" data-id=\"6af70430\" data-element_type=\"widget\" data-e-type=\"widget\" data-settings=\"{&quot;_animation&quot;:&quot;slideInUp&quot;,&quot;_animation_delay&quot;:3}\" data-widget_type=\"hub_fancy_heading.default\">\n\t\t\t\t<div class=\"elementor-widget-container\">\n\t\t\t\t\t\n\t\t<div id=\"ld-fancy-heading-6a048261550c6\" class=\"ld-fancy-heading pos-rel\">\n\t\t\t<span class=\"ld-fh-element d-inline-block pos-rel  lqd-highlight-classic lqd-highlight-grow-left lqd-highlight-reset-onhover span\"  > <small style=\"font-size: 13px\">endere\u00e7o<\/small><br>\nrua alfredo piragibe, n\u00ba 281<br>\ns\u00e3o paulo, sp<br>\ncep: 05447-010<\/span>\t\t<\/div>\n\n\t\t\t\t\t\t<\/div>\n\t\t\t\t<\/div>\n\t\t\t\t<\/div>\n\t\t<div class=\"elementor-element elementor-element-706895e e-con-full animated-slow e-flex elementor-invisible e-con e-parent\" data-id=\"706895e\" data-element_type=\"container\" data-e-type=\"container\" data-settings=\"{&quot;animation&quot;:&quot;slideInUp&quot;,&quot;animation_delay&quot;:2}\">\n\t\t\t\t<div class=\"elementor-element elementor-element-4a8b466 elementor-shape-circle elementor-grid-3 e-grid-align-left elementor-widget elementor-widget-social-icons\" data-id=\"4a8b466\" data-element_type=\"widget\" data-e-type=\"widget\" data-widget_type=\"social-icons.default\">\n\t\t\t\t<div class=\"elementor-widget-container\">\n\t\t\t\t\t\t\t<div class=\"elementor-social-icons-wrapper elementor-grid\" role=\"list\">\n\t\t\t\t\t\t\t<span class=\"elementor-grid-item\" role=\"listitem\">\n\t\t\t\t\t<a class=\"elementor-icon elementor-social-icon elementor-social-icon-instagram elementor-repeater-item-1189d39\" href=\"https:\/\/www.instagram.com\/zonzoestudio\/\" target=\"_blank\">\n\t\t\t\t\t\t<span class=\"elementor-screen-only\">Instagram<\/span>\n\t\t\t\t\t\t<svg aria-hidden=\"true\" class=\"e-font-icon-svg e-fab-instagram\" viewbox=\"0 0 448 512\" xmlns=\"http:\/\/www.w3.org\/2000\/svg\"><path d=\"M224.1 141c-63.6 0-114.9 51.3-114.9 114.9s51.3 114.9 114.9 114.9S339 319.5 339 255.9 287.7 141 224.1 141zm0 189.6c-41.1 0-74.7-33.5-74.7-74.7s33.5-74.7 74.7-74.7 74.7 33.5 74.7 74.7-33.6 74.7-74.7 74.7zm146.4-194.3c0 14.9-12 26.8-26.8 26.8-14.9 0-26.8-12-26.8-26.8s12-26.8 26.8-26.8 26.8 12 26.8 26.8zm76.1 27.2c-1.7-35.9-9.9-67.7-36.2-93.9-26.2-26.2-58-34.4-93.9-36.2-37-2.1-147.9-2.1-184.9 0-35.8 1.7-67.6 9.9-93.9 36.1s-34.4 58-36.2 93.9c-2.1 37-2.1 147.9 0 184.9 1.7 35.9 9.9 67.7 36.2 93.9s58 34.4 93.9 36.2c37 2.1 147.9 2.1 184.9 0 35.9-1.7 67.7-9.9 93.9-36.2 26.2-26.2 34.4-58 36.2-93.9 2.1-37 2.1-147.8 0-184.8zM398.8 388c-7.8 19.6-22.9 34.7-42.6 42.6-29.5 11.7-99.5 9-132.1 9s-102.7 2.6-132.1-9c-19.6-7.8-34.7-22.9-42.6-42.6-11.7-29.5-9-99.5-9-132.1s-2.6-102.7 9-132.1c7.8-19.6 22.9-34.7 42.6-42.6 29.5-11.7 99.5-9 132.1-9s102.7-2.6 132.1 9c19.6 7.8 34.7 22.9 42.6 42.6 11.7 29.5 9 99.5 9 132.1s2.7 102.7-9 132.1z\"><\/path><\/svg>\t\t\t\t\t<\/a>\n\t\t\t\t<\/span>\n\t\t\t\t\t\t\t<span class=\"elementor-grid-item\" role=\"listitem\">\n\t\t\t\t\t<a class=\"elementor-icon elementor-social-icon elementor-social-icon-spotify elementor-repeater-item-efbb580\" href=\"https:\/\/open.spotify.com\/artist\/3o4fqeRgXDfJZZ9sV3LsVM?si=gis2KNy5StOgZ8IHxIftVw\" target=\"_blank\">\n\t\t\t\t\t\t<span class=\"elementor-screen-only\">Spotify<\/span>\n\t\t\t\t\t\t<svg aria-hidden=\"true\" class=\"e-font-icon-svg e-fab-spotify\" viewbox=\"0 0 496 512\" xmlns=\"http:\/\/www.w3.org\/2000\/svg\"><path d=\"M248 8C111.1 8 0 119.1 0 256s111.1 248 248 248 248-111.1 248-248S384.9 8 248 8zm100.7 364.9c-4.2 0-6.8-1.3-10.7-3.6-62.4-37.6-135-39.2-206.7-24.5-3.9 1-9 2.6-11.9 2.6-9.7 0-15.8-7.7-15.8-15.8 0-10.3 6.1-15.2 13.6-16.8 81.9-18.1 165.6-16.5 237 26.2 6.1 3.9 9.7 7.4 9.7 16.5s-7.1 15.4-15.2 15.4zm26.9-65.6c-5.2 0-8.7-2.3-12.3-4.2-62.5-37-155.7-51.9-238.6-29.4-4.8 1.3-7.4 2.6-11.9 2.6-10.7 0-19.4-8.7-19.4-19.4s5.2-17.8 15.5-20.7c27.8-7.8 56.2-13.6 97.8-13.6 64.9 0 127.6 16.1 177 45.5 8.1 4.8 11.3 11 11.3 19.7-.1 10.8-8.5 19.5-19.4 19.5zm31-76.2c-5.2 0-8.4-1.3-12.9-3.9-71.2-42.5-198.5-52.7-280.9-29.7-3.6 1-8.1 2.6-12.9 2.6-13.2 0-23.3-10.3-23.3-23.6 0-13.6 8.4-21.3 17.4-23.9 35.2-10.3 74.6-15.2 117.5-15.2 73 0 149.5 15.2 205.4 47.8 7.8 4.5 12.9 10.7 12.9 22.6 0 13.6-11 23.3-23.2 23.3z\"><\/path><\/svg>\t\t\t\t\t<\/a>\n\t\t\t\t<\/span>\n\t\t\t\t\t\t\t<span class=\"elementor-grid-item\" role=\"listitem\">\n\t\t\t\t\t<a class=\"elementor-icon elementor-social-icon elementor-social-icon-soundcloud elementor-repeater-item-39699f7\" href=\"https:\/\/soundcloud.com\/fgoesmusica\" target=\"_blank\">\n\t\t\t\t\t\t<span class=\"elementor-screen-only\">Soundcloud<\/span>\n\t\t\t\t\t\t<svg aria-hidden=\"true\" class=\"e-font-icon-svg e-fab-soundcloud\" viewbox=\"0 0 640 512\" xmlns=\"http:\/\/www.w3.org\/2000\/svg\"><path d=\"M111.4 256.3l5.8 65-5.8 68.3c-.3 2.5-2.2 4.4-4.4 4.4s-4.2-1.9-4.2-4.4l-5.6-68.3 5.6-65c0-2.2 1.9-4.2 4.2-4.2 2.2 0 4.1 2 4.4 4.2zm21.4-45.6c-2.8 0-4.7 2.2-5 5l-5 105.6 5 68.3c.3 2.8 2.2 5 5 5 2.5 0 4.7-2.2 4.7-5l5.8-68.3-5.8-105.6c0-2.8-2.2-5-4.7-5zm25.5-24.1c-3.1 0-5.3 2.2-5.6 5.3l-4.4 130 4.4 67.8c.3 3.1 2.5 5.3 5.6 5.3 2.8 0 5.3-2.2 5.3-5.3l5.3-67.8-5.3-130c0-3.1-2.5-5.3-5.3-5.3zM7.2 283.2c-1.4 0-2.2 1.1-2.5 2.5L0 321.3l4.7 35c.3 1.4 1.1 2.5 2.5 2.5s2.2-1.1 2.5-2.5l5.6-35-5.6-35.6c-.3-1.4-1.1-2.5-2.5-2.5zm23.6-21.9c-1.4 0-2.5 1.1-2.5 2.5l-6.4 57.5 6.4 56.1c0 1.7 1.1 2.8 2.5 2.8s2.5-1.1 2.8-2.5l7.2-56.4-7.2-57.5c-.3-1.4-1.4-2.5-2.8-2.5zm25.3-11.4c-1.7 0-3.1 1.4-3.3 3.3L47 321.3l5.8 65.8c.3 1.7 1.7 3.1 3.3 3.1 1.7 0 3.1-1.4 3.1-3.1l6.9-65.8-6.9-68.1c0-1.9-1.4-3.3-3.1-3.3zm25.3-2.2c-1.9 0-3.6 1.4-3.6 3.6l-5.8 70 5.8 67.8c0 2.2 1.7 3.6 3.6 3.6s3.6-1.4 3.9-3.6l6.4-67.8-6.4-70c-.3-2.2-2-3.6-3.9-3.6zm241.4-110.9c-1.1-.8-2.8-1.4-4.2-1.4-2.2 0-4.2.8-5.6 1.9-1.9 1.7-3.1 4.2-3.3 6.7v.8l-3.3 176.7 1.7 32.5 1.7 31.7c.3 4.7 4.2 8.6 8.9 8.6s8.6-3.9 8.6-8.6l3.9-64.2-3.9-177.5c-.4-3-2-5.8-4.5-7.2zm-26.7 15.3c-1.4-.8-2.8-1.4-4.4-1.4s-3.1.6-4.4 1.4c-2.2 1.4-3.6 3.9-3.6 6.7l-.3 1.7-2.8 160.8s0 .3 3.1 65.6v.3c0 1.7.6 3.3 1.7 4.7 1.7 1.9 3.9 3.1 6.4 3.1 2.2 0 4.2-1.1 5.6-2.5 1.7-1.4 2.5-3.3 2.5-5.6l.3-6.7 3.1-58.6-3.3-162.8c-.3-2.8-1.7-5.3-3.9-6.7zm-111.4 22.5c-3.1 0-5.8 2.8-5.8 6.1l-4.4 140.6 4.4 67.2c.3 3.3 2.8 5.8 5.8 5.8 3.3 0 5.8-2.5 6.1-5.8l5-67.2-5-140.6c-.2-3.3-2.7-6.1-6.1-6.1zm376.7 62.8c-10.8 0-21.1 2.2-30.6 6.1-6.4-70.8-65.8-126.4-138.3-126.4-17.8 0-35 3.3-50.3 9.4-6.1 2.2-7.8 4.4-7.8 9.2v249.7c0 5 3.9 8.6 8.6 9.2h218.3c43.3 0 78.6-35 78.6-78.3.1-43.6-35.2-78.9-78.5-78.9zm-296.7-60.3c-4.2 0-7.5 3.3-7.8 7.8l-3.3 136.7 3.3 65.6c.3 4.2 3.6 7.5 7.8 7.5 4.2 0 7.5-3.3 7.5-7.5l3.9-65.6-3.9-136.7c-.3-4.5-3.3-7.8-7.5-7.8zm-53.6-7.8c-3.3 0-6.4 3.1-6.4 6.7l-3.9 145.3 3.9 66.9c.3 3.6 3.1 6.4 6.4 6.4 3.6 0 6.4-2.8 6.7-6.4l4.4-66.9-4.4-145.3c-.3-3.6-3.1-6.7-6.7-6.7zm26.7 3.4c-3.9 0-6.9 3.1-6.9 6.9L227 321.3l3.9 66.4c.3 3.9 3.1 6.9 6.9 6.9s6.9-3.1 6.9-6.9l4.2-66.4-4.2-141.7c0-3.9-3-6.9-6.9-6.9z\"><\/path><\/svg>\t\t\t\t\t<\/a>\n\t\t\t\t<\/span>\n\t\t\t\t\t<\/div>\n\t\t\t\t\t\t<\/div>\n\t\t\t\t<\/div>\n\t\t\t\t<\/div>\n\t\t\t\t<\/div>\n\t\t<div class=\"elementor-element elementor-element-475ab32 e-con-full e-flex e-con e-parent\" data-id=\"475ab32\" data-element_type=\"container\" data-e-type=\"container\">\n\t\t\t\t<div class=\"elementor-element elementor-element-bb87ff5 elementor-widget__width-initial animated-slow elementor-invisible elementor-widget elementor-widget-hub_fancy_heading\" data-id=\"bb87ff5\" data-element_type=\"widget\" data-e-type=\"widget\" data-settings=\"{&quot;_animation&quot;:&quot;slideInUp&quot;,&quot;_animation_delay&quot;:0}\" data-widget_type=\"hub_fancy_heading.default\">\n\t\t\t\t<div class=\"elementor-widget-container\">\n\t\t\t\t\t\n\t\t<div id=\"ld-fancy-heading-6a04826155cf1\" class=\"ld-fancy-heading pos-rel\">\n\t\t\t<span class=\"ld-fh-element d-inline-block pos-rel  lqd-highlight-classic lqd-highlight-grow-left lqd-highlight-reset-onhover span\" ><a href=\"mailto:contato@zonzoestudio.com.br\" target=\"_blank\" > <small style=\"font-size: 13px\">time<\/small><\/a><\/span>\t\t<\/div>\n\n\t\t\t\t\t\t<\/div>\n\t\t\t\t<\/div>\n\t\t<div class=\"elementor-element elementor-element-393511f2 e-con-full animated-slow e-flex elementor-invisible e-con e-parent\" data-id=\"393511f2\" data-element_type=\"container\" data-e-type=\"container\" data-settings=\"{&quot;animation&quot;:&quot;slideInUp&quot;,&quot;animation_delay&quot;:2}\">\n\t\t\t\t<div class=\"elementor-element elementor-element-799ccb03 elementor-widget__width-initial elementor-widget elementor-widget-image\" data-id=\"799ccb03\" data-element_type=\"widget\" data-e-type=\"widget\" data-widget_type=\"image.default\">\n\t\t\t\t<div class=\"elementor-widget-container\">\n\t\t\t\t\t\t\t\t\t\t\t\t\t\t\t\t<a href=\"mailto:fgoes@zonzoestudio.com.br\">\n\t\t\t\t\t\t\t<img decoding=\"async\" width=\"150\" height=\"150\" src=\"https:\/\/www.zonzoestudio.com.br\/wp-content\/uploads\/2023\/01\/fotos_time_fabio-1.jpg\" class=\"elementor-animation-grow attachment-large size-large wp-image-5428\" alt=\"contato\" srcset=\"https:\/\/www.zonzoestudio.com.br\/wp-content\/uploads\/2023\/01\/fotos_time_fabio-1.jpg 150w, https:\/\/www.zonzoestudio.com.br\/wp-content\/uploads\/2023\/01\/fotos_time_fabio-1-12x12.jpg 12w\" sizes=\"(max-width: 150px) 100vw, 150px\" title=\"contact\" \/>\t\t\t\t\t\t\t\t<\/a>\n\t\t\t\t\t\t\t\t\t\t\t\t\t\t\t<\/div>\n\t\t\t\t<\/div>\n\t\t\t\t<div class=\"elementor-element elementor-element-168ac231 elementor-widget elementor-widget-hub_fancy_heading\" data-id=\"168ac231\" data-element_type=\"widget\" data-e-type=\"widget\" data-widget_type=\"hub_fancy_heading.default\">\n\t\t\t\t<div class=\"elementor-widget-container\">\n\t\t\t\t\t\n\t\t<div id=\"ld-fancy-heading-6a04826156d6b\" class=\"ld-fancy-heading pos-rel\">\n\t\t\t<span class=\"ld-fh-element d-inline-block pos-rel  lqd-highlight-classic lqd-highlight-grow-left span\" ><a href=\"mailto:fabio@zonzoestudio.com.br\" target=\"_blank\" > <small style=\"font-size: 13px\">diretor e produtor musical<\/small><br>\n<b>fabio g\u00f3es<\/b><br>\n<a href=\"mailto:fgoes@zonzoestudio.com.br\">fgoes@zonzoestudio.com.br<\/a><\/a><\/span>\t\t<\/div>\n\n\t\t\t\t\t\t<\/div>\n\t\t\t\t<\/div>\n\t\t\t\t<\/div>\n\t\t<div class=\"elementor-element elementor-element-1cd8d1dd e-con-full animated-slow e-flex elementor-invisible e-con e-parent\" data-id=\"1cd8d1dd\" data-element_type=\"container\" data-e-type=\"container\" data-settings=\"{&quot;animation&quot;:&quot;slideInUp&quot;,&quot;animation_delay&quot;:2}\">\n\t\t\t\t<div class=\"elementor-element elementor-element-484c7dab elementor-widget__width-initial elementor-widget elementor-widget-image\" data-id=\"484c7dab\" data-element_type=\"widget\" data-e-type=\"widget\" data-widget_type=\"image.default\">\n\t\t\t\t<div class=\"elementor-widget-container\">\n\t\t\t\t\t\t\t\t\t\t\t\t\t\t\t\t<a href=\"mailto:leticia@zonzoestudio.com.br\">\n\t\t\t\t\t\t\t<img decoding=\"async\" width=\"150\" height=\"150\" src=\"data:image\/svg+xml;charset=utf-8,%3Csvg xmlns%3D&#039;http%3A%2F%2Fwww.w3.org%2F2000%2Fsvg&#039; viewBox%3D&#039;0 0 150 150&#039;%2F%3E\" class=\"elementor-animation-grow attachment-large size-large wp-image-6913 ld-lazyload\" alt=\"contato\" data-src=\"https:\/\/www.zonzoestudio.com.br\/wp-content\/uploads\/2023\/03\/fotos_time_leticia.jpg\" data-srcset=\"https:\/\/www.zonzoestudio.com.br\/wp-content\/uploads\/2023\/03\/fotos_time_leticia.jpg 150w, https:\/\/www.zonzoestudio.com.br\/wp-content\/uploads\/2023\/03\/fotos_time_leticia-12x12.jpg 12w\" data-sizes=\"(max-width: 150px) 100vw, 150px\" data-aspect=\"1\" title=\"contact\" \/>\t\t\t\t\t\t\t\t<\/a>\n\t\t\t\t\t\t\t\t\t\t\t\t\t\t\t<\/div>\n\t\t\t\t<\/div>\n\t\t\t\t<div class=\"elementor-element elementor-element-4b973ebd elementor-widget elementor-widget-hub_fancy_heading\" data-id=\"4b973ebd\" data-element_type=\"widget\" data-e-type=\"widget\" data-widget_type=\"hub_fancy_heading.default\">\n\t\t\t\t<div class=\"elementor-widget-container\">\n\t\t\t\t\t\n\t\t<div id=\"ld-fancy-heading-6a04826157db9\" class=\"ld-fancy-heading pos-rel\">\n\t\t\t<span class=\"ld-fh-element d-inline-block pos-rel  lqd-highlight-classic lqd-highlight-grow-left span\" ><a href=\"mailto:leticia@zonzoestudio.com.br\" target=\"_blank\" > <small style=\"font-size: 13px\">produtora executiva<\/small><br>\n<b>let\u00edcia marques<br><\/b>\n<a href=\"mailto:leticia@zonzoestudio.com.br\">leticia@zonzoestudio.com.br<\/a><\/a><\/span>\t\t<\/div>\n\n\t\t\t\t\t\t<\/div>\n\t\t\t\t<\/div>\n\t\t\t\t<\/div>\n\t\t<div class=\"elementor-element elementor-element-458c5a10 e-con-full animated-slow e-flex elementor-invisible e-con e-parent\" data-id=\"458c5a10\" data-element_type=\"container\" data-e-type=\"container\" data-settings=\"{&quot;animation&quot;:&quot;slideInUp&quot;,&quot;animation_delay&quot;:2}\">\n\t\t\t\t<div class=\"elementor-element elementor-element-27dd235f elementor-widget__width-initial elementor-widget elementor-widget-image\" data-id=\"27dd235f\" data-element_type=\"widget\" data-e-type=\"widget\" data-widget_type=\"image.default\">\n\t\t\t\t<div class=\"elementor-widget-container\">\n\t\t\t\t\t\t\t\t\t\t\t\t\t\t\t\t<a href=\"mailto:victor@zonzoestudio.com.br\">\n\t\t\t\t\t\t\t<img decoding=\"async\" width=\"150\" height=\"150\" src=\"data:image\/svg+xml;charset=utf-8,%3Csvg xmlns%3D&#039;http%3A%2F%2Fwww.w3.org%2F2000%2Fsvg&#039; viewBox%3D&#039;0 0 150 150&#039;%2F%3E\" class=\"elementor-animation-grow attachment-large size-large wp-image-5431 ld-lazyload\" alt=\"contato\" data-src=\"https:\/\/www.zonzoestudio.com.br\/wp-content\/uploads\/2023\/01\/fotos_time_victor.jpg\" data-srcset=\"https:\/\/www.zonzoestudio.com.br\/wp-content\/uploads\/2023\/01\/fotos_time_victor.jpg 150w, https:\/\/www.zonzoestudio.com.br\/wp-content\/uploads\/2023\/01\/fotos_time_victor-12x12.jpg 12w\" data-sizes=\"(max-width: 150px) 100vw, 150px\" data-aspect=\"1\" title=\"contact\" \/>\t\t\t\t\t\t\t\t<\/a>\n\t\t\t\t\t\t\t\t\t\t\t\t\t\t\t<\/div>\n\t\t\t\t<\/div>\n\t\t\t\t<div class=\"elementor-element elementor-element-45d09ea5 elementor-widget elementor-widget-hub_fancy_heading\" data-id=\"45d09ea5\" data-element_type=\"widget\" data-e-type=\"widget\" data-widget_type=\"hub_fancy_heading.default\">\n\t\t\t\t<div class=\"elementor-widget-container\">\n\t\t\t\t\t\n\t\t<div id=\"ld-fancy-heading-6a04826158feb\" class=\"ld-fancy-heading pos-rel\">\n\t\t\t<span class=\"ld-fh-element d-inline-block pos-rel  lqd-highlight-classic lqd-highlight-grow-left span\" ><a href=\"mailto:victor@zonzoestudio.com.br\" target=\"_blank\" > <small style=\"font-size: 13px\">produtor musical<\/small><br>\n<b>Victor Pulcinelli<br><\/b>\n<a href=\"mailto:victor@zonzoestudio.com.br\">victor@zonzoestudio.com.br<\/a><\/a><\/span>\t\t<\/div>\n\n\t\t\t\t\t\t<\/div>\n\t\t\t\t<\/div>\n\t\t\t\t<\/div>\n\t\t<div class=\"elementor-element elementor-element-2601894b e-con-full animated-slow e-flex elementor-invisible e-con e-parent\" data-id=\"2601894b\" data-element_type=\"container\" data-e-type=\"container\" data-settings=\"{&quot;animation&quot;:&quot;slideInUp&quot;,&quot;animation_delay&quot;:2}\">\n\t\t\t\t<div class=\"elementor-element elementor-element-4ead416c elementor-widget__width-initial elementor-widget elementor-widget-image\" data-id=\"4ead416c\" data-element_type=\"widget\" data-e-type=\"widget\" data-widget_type=\"image.default\">\n\t\t\t\t<div class=\"elementor-widget-container\">\n\t\t\t\t\t\t\t\t\t\t\t\t\t\t\t\t<a href=\"mailto:rogerio@zonzoestudio.com.br\">\n\t\t\t\t\t\t\t<img loading=\"lazy\" decoding=\"async\" width=\"150\" height=\"150\" src=\"data:image\/svg+xml;charset=utf-8,%3Csvg xmlns%3D&#039;http%3A%2F%2Fwww.w3.org%2F2000%2Fsvg&#039; viewBox%3D&#039;0 0 150 150&#039;%2F%3E\" class=\"elementor-animation-grow attachment-large size-large wp-image-5430 ld-lazyload\" alt=\"contato\" data-src=\"https:\/\/www.zonzoestudio.com.br\/wp-content\/uploads\/2023\/01\/fotos_time_rogerio.jpg\" data-srcset=\"https:\/\/www.zonzoestudio.com.br\/wp-content\/uploads\/2023\/01\/fotos_time_rogerio.jpg 150w, https:\/\/www.zonzoestudio.com.br\/wp-content\/uploads\/2023\/01\/fotos_time_rogerio-12x12.jpg 12w\" data-sizes=\"(max-width: 150px) 100vw, 150px\" data-aspect=\"1\" title=\"contact\" \/>\t\t\t\t\t\t\t\t<\/a>\n\t\t\t\t\t\t\t\t\t\t\t\t\t\t\t<\/div>\n\t\t\t\t<\/div>\n\t\t\t\t<div class=\"elementor-element elementor-element-5d5ba83c elementor-widget elementor-widget-hub_fancy_heading\" data-id=\"5d5ba83c\" data-element_type=\"widget\" data-e-type=\"widget\" data-widget_type=\"hub_fancy_heading.default\">\n\t\t\t\t<div class=\"elementor-widget-container\">\n\t\t\t\t\t\n\t\t<div id=\"ld-fancy-heading-6a04826159c44\" class=\"ld-fancy-heading pos-rel\">\n\t\t\t<span class=\"ld-fh-element d-inline-block pos-rel  lqd-highlight-classic lqd-highlight-grow-left span\" ><a href=\"mailto:rogerio@zonzoestudio.com.br\" target=\"_blank\" > <small style=\"font-size: 13px\">produtor musical e arranjador<\/small><br><b>Rogerio Sobreira<br><\/b>\n<a href=\"mailto:rogerio@zonzoestudio.com.br\">rogerio@zonzoestudio.com.br<\/a><\/a><\/span>\t\t<\/div>\n\n\t\t\t\t\t\t<\/div>\n\t\t\t\t<\/div>\n\t\t\t\t<\/div>\n\t\t\t\t<\/div>\n\t\t\t\t<\/div>\n\t\t\t\t<\/div>","protected":false},"excerpt":{"rendered":"<p>contato contato e-mail contato@zonzoestudio.com.br endere\u00e7o rua alfredo piragibe, n\u00ba 281 s\u00e3o paulo, sp cep: 05447-010 Instagram Spotify Soundcloud time diretor e produtor musical fabio g\u00f3es fgoes@zonzoestudio.com.br produtora executiva let\u00edcia marques leticia@zonzoestudio.com.br produtor musical Victor Pulcinelli victor@zonzoestudio.com.br produtor musical e arranjadorRogerio Sobreira rogerio@zonzoestudio.com.br<\/p>","protected":false},"author":1,"featured_media":0,"parent":0,"menu_order":0,"comment_status":"closed","ping_status":"closed","template":"","meta":{"footnotes":""},"class_list":["post-6470","page","type-page","status-publish","hentry"],"aioseo_notices":[],"_links":{"self":[{"href":"https:\/\/www.zonzoestudio.com.br\/en\/wp-json\/wp\/v2\/pages\/6470","targetHints":{"allow":["GET"]}}],"collection":[{"href":"https:\/\/www.zonzoestudio.com.br\/en\/wp-json\/wp\/v2\/pages"}],"about":[{"href":"https:\/\/www.zonzoestudio.com.br\/en\/wp-json\/wp\/v2\/types\/page"}],"author":[{"embeddable":true,"href":"https:\/\/www.zonzoestudio.com.br\/en\/wp-json\/wp\/v2\/users\/1"}],"replies":[{"embeddable":true,"href":"https:\/\/www.zonzoestudio.com.br\/en\/wp-json\/wp\/v2\/comments?post=6470"}],"version-history":[{"count":58,"href":"https:\/\/www.zonzoestudio.com.br\/en\/wp-json\/wp\/v2\/pages\/6470\/revisions"}],"predecessor-version":[{"id":6936,"href":"https:\/\/www.zonzoestudio.com.br\/en\/wp-json\/wp\/v2\/pages\/6470\/revisions\/6936"}],"wp:attachment":[{"href":"https:\/\/www.zonzoestudio.com.br\/en\/wp-json\/wp\/v2\/media?parent=6470"}],"curies":[{"name":"wp","href":"https:\/\/api.w.org\/{rel}","templated":true}]}}